{"id":983,"date":"2024-04-17T05:10:28","date_gmt":"2024-04-17T05:10:28","guid":{"rendered":"https:\/\/themexriver.com\/wp\/goyto\/?page_id=983"},"modified":"2025-01-24T03:03:59","modified_gmt":"2025-01-24T08:03:59","slug":"contact","status":"publish","type":"page","link":"https:\/\/www.tarjetour.com\/?page_id=983","title":{"rendered":"Contacto"},"content":{"rendered":"\t\t<div data-elementor-type=\"wp-page\" data-elementor-id=\"983\" class=\"elementor elementor-983\">\n\t\t\t\t\t\t<section class=\"elementor-section elementor-top-section elementor-element elementor-element-1161b00 elementor-section-full_width elementor-section-height-default elementor-section-height-default\" data-id=\"1161b00\" data-element_type=\"section\" data-settings=\"{&quot;background_background&quot;:&quot;classic&quot;,&quot;shape_divider_top&quot;:&quot;mountains&quot;}\">\n\t\t\t\t\t<div class=\"elementor-shape elementor-shape-top\" data-negative=\"false\">\n\t\t\t<svg xmlns=\"http:\/\/www.w3.org\/2000\/svg\" viewBox=\"0 0 1000 100\" preserveAspectRatio=\"none\">\n\t<path class=\"elementor-shape-fill\" opacity=\"0.33\" d=\"M473,67.3c-203.9,88.3-263.1-34-320.3,0C66,119.1,0,59.7,0,59.7V0h1000v59.7 c0,0-62.1,26.1-94.9,29.3c-32.8,3.3-62.8-12.3-75.8-22.1C806,49.6,745.3,8.7,694.9,4.7S492.4,59,473,67.3z\"\/>\n\t<path class=\"elementor-shape-fill\" opacity=\"0.66\" d=\"M734,67.3c-45.5,0-77.2-23.2-129.1-39.1c-28.6-8.7-150.3-10.1-254,39.1 s-91.7-34.4-149.2,0C115.7,118.3,0,39.8,0,39.8V0h1000v36.5c0,0-28.2-18.5-92.1-18.5C810.2,18.1,775.7,67.3,734,67.3z\"\/>\n\t<path class=\"elementor-shape-fill\" d=\"M766.1,28.9c-200-57.5-266,65.5-395.1,19.5C242,1.8,242,5.4,184.8,20.6C128,35.8,132.3,44.9,89.9,52.5C28.6,63.7,0,0,0,0 h1000c0,0-9.9,40.9-83.6,48.1S829.6,47,766.1,28.9z\"\/>\n<\/svg>\t\t<\/div>\n\t\t\t\t\t<div class=\"elementor-container elementor-column-gap-default\">\n\t\t\t\t\t<div class=\"elementor-column elementor-col-50 elementor-top-column elementor-element elementor-element-ab139a3\" data-id=\"ab139a3\" data-element_type=\"column\">\n\t\t\t<div class=\"elementor-widget-wrap elementor-element-populated\">\n\t\t\t\t\t\t<div class=\"elementor-element elementor-element-81bc1f9 elementor-widget elementor-widget-go-s-heading\" data-id=\"81bc1f9\" data-element_type=\"widget\" data-widget_type=\"go-s-heading.default\">\n\t\t\t\t<div class=\"elementor-widget-container\">\n\t\t\t\t\t<div class=\"gt-section-title-1 txt-text-anim pera-content headline prthalign\">\n            <div class=\"elementor-goyto-sub subtitle cursive-font wow fadeInRight\"  data-wow-delay=\"200ms\" data-wow-duration=\"1000ms\">\n                \n                    <\/div>\n        <h1 class=\"elementor-gt-heading section_title tx-split-text split-in-right\">D\u00e9janos un mensaje<\/h1>            <div class=\"elementor-gt-desc\">\n            <p><\/p>\n        <\/div>\n    <\/div>\t\t\t\t<\/div>\n\t\t\t\t<\/div>\n\t\t\t\t<div class=\"elementor-element elementor-element-342178a elementor-widget elementor-widget-go-contact-info\" data-id=\"342178a\" data-element_type=\"widget\" data-widget_type=\"go-contact-info.default\">\n\t\t\t\t<div class=\"elementor-widget-container\">\n\t\t\t\t\t<div class=\"gt-contact-page-info-list\" data-background=\"https:\/\/www.tarjetour.com\/wp-content\/uploads\/2024\/04\/trd5.webp\">\n            <div class=\"gt-contact-info-item d-flex flex-wrap\">\n            <div class=\"inner-icon d-flex align-items-center justify-content-center\">\n                <i aria-hidden=\"true\" class=\"fas fa-map-marker-alt\"><\/i>            <\/div>\n            <div class=\"inner-text headline pera-content\">\n                <h3>Direcci\u00f3n de oficina<\/h3>\n                <p>Travel Agency Network 20 Eastbourne Terrace London W2 6LG<\/p>\n            <\/div>\n        <\/div>\n           <div class=\"gt-contact-info-item d-flex flex-wrap\">\n            <div class=\"inner-icon d-flex align-items-center justify-content-center\">\n                <i aria-hidden=\"true\" class=\"fas fa-phone\"><\/i>            <\/div>\n            <div class=\"inner-text headline pera-content\">\n                <h3>Tel\u00e9fonos<\/h3>\n                <p>(408) 8542-389-5470<\/p>\n<p>(408) 8542-389-5470<\/p>\n            <\/div>\n        <\/div>\n           <div class=\"gt-contact-info-item d-flex flex-wrap\">\n            <div class=\"inner-icon d-flex align-items-center justify-content-center\">\n                <i aria-hidden=\"true\" class=\"far fa-envelope-open\"><\/i>            <\/div>\n            <div class=\"inner-text headline pera-content\">\n                <h3>Correo electr\u00f3nico<\/h3>\n                <p>info@tarjetour.com<\/p>\n<p>soporte@tarjetour.com<\/p>\n            <\/div>\n        <\/div>\n   <\/div>\t\t\t\t<\/div>\n\t\t\t\t<\/div>\n\t\t\t\t\t<\/div>\n\t\t<\/div>\n\t\t\t\t<div class=\"elementor-column elementor-col-50 elementor-top-column elementor-element elementor-element-5e562ae\" data-id=\"5e562ae\" data-element_type=\"column\">\n\t\t\t<div class=\"elementor-widget-wrap elementor-element-populated\">\n\t\t\t\t\t\t<div class=\"elementor-element elementor-element-9ff97a6 elementor-widget elementor-widget-shortcode\" data-id=\"9ff97a6\" data-element_type=\"widget\" data-widget_type=\"shortcode.default\">\n\t\t\t\t<div class=\"elementor-widget-container\">\n\t\t\t\t\t\t\t<div class=\"elementor-shortcode\">\n<div class=\"wpcf7 no-js\" id=\"wpcf7-f1947-o1\" lang=\"en-US\" dir=\"ltr\" data-wpcf7-id=\"1947\">\n<div class=\"screen-reader-response\"><p role=\"status\" aria-live=\"polite\" aria-atomic=\"true\"><\/p> <ul><\/ul><\/div>\n<form action=\"\/index.php?rest_route=%2Fwp%2Fv2%2Fpages%2F983#wpcf7-f1947-o1\" method=\"post\" class=\"wpcf7-form init\" aria-label=\"Contact form\" novalidate=\"novalidate\" data-status=\"init\">\n<div style=\"display: none;\">\n<input type=\"hidden\" name=\"_wpcf7\" value=\"1947\" \/>\n<input type=\"hidden\" name=\"_wpcf7_version\" value=\"6.0.3\" \/>\n<input type=\"hidden\" name=\"_wpcf7_locale\" value=\"en_US\" \/>\n<input type=\"hidden\" name=\"_wpcf7_unit_tag\" value=\"wpcf7-f1947-o1\" \/>\n<input type=\"hidden\" name=\"_wpcf7_container_post\" value=\"0\" \/>\n<input type=\"hidden\" name=\"_wpcf7_posted_data_hash\" value=\"\" \/>\n<\/div>\n<div class=\"gt-contact-page-form\">\n\t<input size=\"40\" maxlength=\"400\" class=\"wpcf7-form-control wpcf7-text wpcf7-validates-as-required\" aria-required=\"true\" aria-invalid=\"false\" placeholder=\"Nombres y Apellidos\" value=\"\" type=\"text\" name=\"text-228\" \/>\n\t<input size=\"40\" maxlength=\"400\" class=\"wpcf7-form-control wpcf7-email wpcf7-validates-as-required wpcf7-text wpcf7-validates-as-email\" aria-required=\"true\" aria-invalid=\"false\" placeholder=\"Correo Electr\u00f3nico\" value=\"\" type=\"email\" name=\"email-845\" \/>\n\t<input size=\"40\" maxlength=\"400\" class=\"wpcf7-form-control wpcf7-text wpcf7-validates-as-required\" aria-required=\"true\" aria-invalid=\"false\" placeholder=\"Celular\" value=\"\" type=\"text\" name=\"phone-228\" \/>\n\t<input size=\"40\" maxlength=\"400\" class=\"wpcf7-form-control wpcf7-text wpcf7-validates-as-required\" aria-required=\"true\" aria-invalid=\"false\" placeholder=\"Asunto\" value=\"\" type=\"text\" name=\"Subject-228\" \/>\n\t<textarea cols=\"40\" rows=\"10\" maxlength=\"2000\" class=\"wpcf7-form-control wpcf7-textarea\" aria-invalid=\"false\" placeholder=\"Escribir mensaje...\" name=\"textarea-345\"><\/textarea>\n\t<button>Enviar mensaje<\/button>\n<\/div><p style=\"display: none !important;\" class=\"akismet-fields-container\" data-prefix=\"_wpcf7_ak_\"><label>&#916;<textarea name=\"_wpcf7_ak_hp_textarea\" cols=\"45\" rows=\"8\" maxlength=\"100\"><\/textarea><\/label><input type=\"hidden\" id=\"ak_js_1\" name=\"_wpcf7_ak_js\" value=\"72\"\/><script>document.getElementById( \"ak_js_1\" ).setAttribute( \"value\", ( new Date() ).getTime() );<\/script><\/p><div class=\"wpcf7-response-output\" aria-hidden=\"true\"><\/div>\n<\/form>\n<\/div>\n<\/div>\n\t\t\t\t\t\t<\/div>\n\t\t\t\t<\/div>\n\t\t\t\t\t<\/div>\n\t\t<\/div>\n\t\t\t\t\t<\/div>\n\t\t<\/section>\n\t\t\t\t<section class=\"elementor-section elementor-top-section elementor-element elementor-element-112415e elementor-section-boxed elementor-section-height-default elementor-section-height-default\" data-id=\"112415e\" data-element_type=\"section\">\n\t\t\t\t\t\t<div class=\"elementor-container elementor-column-gap-default\">\n\t\t\t\t\t<div class=\"elementor-column elementor-col-100 elementor-top-column elementor-element elementor-element-ec7d216\" data-id=\"ec7d216\" data-element_type=\"column\">\n\t\t\t<div class=\"elementor-widget-wrap elementor-element-populated\">\n\t\t\t\t\t\t<div class=\"elementor-element elementor-element-c6b4313 elementor-widget elementor-widget-go-social\" data-id=\"c6b4313\" data-element_type=\"widget\" data-widget_type=\"go-social.default\">\n\t\t\t\t<div class=\"elementor-widget-container\">\n\t\t\t\t\t<div class=\"gt-contact-page-social mt-45 d-flex justify-content-between\">\n\n            <a href=\"#\"><i aria-hidden=\"true\" class=\"fab fa-facebook-f\"><\/i><\/a>\n            <a href=\"#\"><i aria-hidden=\"true\" class=\"fab fa-tiktok\"><\/i><\/a>\n            <a href=\"#\"><i aria-hidden=\"true\" class=\"fab fa-youtube\"><\/i><\/a>\n    \n<\/div>\t\t\t\t<\/div>\n\t\t\t\t<\/div>\n\t\t\t\t\t<\/div>\n\t\t<\/div>\n\t\t\t\t\t<\/div>\n\t\t<\/section>\n\t\t\t\t<section class=\"elementor-section elementor-top-section elementor-element elementor-element-fa9c7d2 elementor-section-full_width elementor-section-height-default elementor-section-height-default\" data-id=\"fa9c7d2\" data-element_type=\"section\">\n\t\t\t\t\t\t<div class=\"elementor-container elementor-column-gap-no\">\n\t\t\t\t\t<div class=\"elementor-column elementor-col-100 elementor-top-column elementor-element elementor-element-718f0a5\" data-id=\"718f0a5\" data-element_type=\"column\">\n\t\t\t<div class=\"elementor-widget-wrap elementor-element-populated\">\n\t\t\t\t\t\t<div class=\"elementor-element elementor-element-b26b798 elementor-widget elementor-widget-google_maps\" data-id=\"b26b798\" data-element_type=\"widget\" data-widget_type=\"google_maps.default\">\n\t\t\t\t<div class=\"elementor-widget-container\">\n\t\t\t\t\t\t\t<div class=\"elementor-custom-embed\">\n\t\t\t<iframe loading=\"lazy\"\n\t\t\t\t\tsrc=\"https:\/\/maps.google.com\/maps?q=Heurich%20House%20Museum&#038;t=m&#038;z=16&#038;output=embed&#038;iwloc=near\"\n\t\t\t\t\ttitle=\"Heurich House Museum\"\n\t\t\t\t\taria-label=\"Heurich House Museum\"\n\t\t\t><\/iframe>\n\t\t<\/div>\n\t\t\t\t\t\t<\/div>\n\t\t\t\t<\/div>\n\t\t\t\t\t<\/div>\n\t\t<\/div>\n\t\t\t\t\t<\/div>\n\t\t<\/section>\n\t\t\t\t<\/div>\n\t\t","protected":false},"excerpt":{"rendered":"<p>D\u00e9janos un mensaje Direcci\u00f3n de oficina Travel Agency Network 20 Eastbourne Terrace London W2 6LG Tel\u00e9fonos (408) 8542-389-5470 (408) 8542-389-5470 Correo electr\u00f3nico info@tarjetour.com soporte@tarjetour.com<\/p>\n","protected":false},"author":1,"featured_media":0,"parent":0,"menu_order":0,"comment_status":"closed","ping_status":"closed","template":"elementor_header_footer","meta":{"inline_featured_image":false,"footnotes":""},"class_list":["post-983","page","type-page","status-publish","hentry"],"_links":{"self":[{"href":"https:\/\/www.tarjetour.com\/index.php?rest_route=\/wp\/v2\/pages\/983","targetHints":{"allow":["GET"]}}],"collection":[{"href":"https:\/\/www.tarjetour.com\/index.php?rest_route=\/wp\/v2\/pages"}],"about":[{"href":"https:\/\/www.tarjetour.com\/index.php?rest_route=\/wp\/v2\/types\/page"}],"author":[{"embeddable":true,"href":"https:\/\/www.tarjetour.com\/index.php?rest_route=\/wp\/v2\/users\/1"}],"replies":[{"embeddable":true,"href":"https:\/\/www.tarjetour.com\/index.php?rest_route=%2Fwp%2Fv2%2Fcomments&post=983"}],"version-history":[{"count":31,"href":"https:\/\/www.tarjetour.com\/index.php?rest_route=\/wp\/v2\/pages\/983\/revisions"}],"predecessor-version":[{"id":3280,"href":"https:\/\/www.tarjetour.com\/index.php?rest_route=\/wp\/v2\/pages\/983\/revisions\/3280"}],"wp:attachment":[{"href":"https:\/\/www.tarjetour.com\/index.php?rest_route=%2Fwp%2Fv2%2Fmedia&parent=983"}],"curies":[{"name":"wp","href":"https:\/\/api.w.org\/{rel}","templated":true}]}}