{"id":978,"date":"2024-04-17T05:09:01","date_gmt":"2024-04-17T05:09:01","guid":{"rendered":"https:\/\/themexriver.com\/wp\/goyto\/?page_id=978"},"modified":"2025-01-30T00:14:00","modified_gmt":"2025-01-30T05:14:00","slug":"about","status":"publish","type":"page","link":"https:\/\/www.tarjetour.com\/?page_id=978","title":{"rendered":"Destinos"},"content":{"rendered":"\t\t<div data-elementor-type=\"wp-page\" data-elementor-id=\"978\" class=\"elementor elementor-978\">\n\t\t\t\t\t\t<section class=\"elementor-section elementor-top-section elementor-element elementor-element-cea0210 elementor-section-boxed elementor-section-height-default elementor-section-height-default\" data-id=\"cea0210\" data-element_type=\"section\" data-settings=\"{&quot;background_background&quot;:&quot;classic&quot;,&quot;shape_divider_top&quot;:&quot;mountains&quot;}\">\n\t\t\t\t\t<div class=\"elementor-shape elementor-shape-top\" data-negative=\"false\">\n\t\t\t<svg xmlns=\"http:\/\/www.w3.org\/2000\/svg\" viewBox=\"0 0 1000 100\" preserveAspectRatio=\"none\">\n\t<path class=\"elementor-shape-fill\" opacity=\"0.33\" d=\"M473,67.3c-203.9,88.3-263.1-34-320.3,0C66,119.1,0,59.7,0,59.7V0h1000v59.7 c0,0-62.1,26.1-94.9,29.3c-32.8,3.3-62.8-12.3-75.8-22.1C806,49.6,745.3,8.7,694.9,4.7S492.4,59,473,67.3z\"\/>\n\t<path class=\"elementor-shape-fill\" opacity=\"0.66\" d=\"M734,67.3c-45.5,0-77.2-23.2-129.1-39.1c-28.6-8.7-150.3-10.1-254,39.1 s-91.7-34.4-149.2,0C115.7,118.3,0,39.8,0,39.8V0h1000v36.5c0,0-28.2-18.5-92.1-18.5C810.2,18.1,775.7,67.3,734,67.3z\"\/>\n\t<path class=\"elementor-shape-fill\" d=\"M766.1,28.9c-200-57.5-266,65.5-395.1,19.5C242,1.8,242,5.4,184.8,20.6C128,35.8,132.3,44.9,89.9,52.5C28.6,63.7,0,0,0,0 h1000c0,0-9.9,40.9-83.6,48.1S829.6,47,766.1,28.9z\"\/>\n<\/svg>\t\t<\/div>\n\t\t\t\t\t<div class=\"elementor-container elementor-column-gap-default\">\n\t\t\t\t\t<div class=\"elementor-column elementor-col-50 elementor-top-column elementor-element elementor-element-f6249fd\" data-id=\"f6249fd\" data-element_type=\"column\">\n\t\t\t<div class=\"elementor-widget-wrap elementor-element-populated\">\n\t\t\t\t\t\t<div class=\"elementor-element elementor-element-f035f39 elementor-widget elementor-widget-go-s-heading\" data-id=\"f035f39\" data-element_type=\"widget\" data-widget_type=\"go-s-heading.default\">\n\t\t\t\t<div class=\"elementor-widget-container\">\n\t\t\t\t\t<div class=\"gt-section-title-1 txt-text-anim pera-content headline prthalign\">\n            <div class=\"elementor-goyto-sub subtitle cursive-font wow fadeInRight\"  data-wow-delay=\"200ms\" data-wow-duration=\"1000ms\">\n                            <img decoding=\"async\" src=\"https:\/\/themexriver.com\/wp\/goyto\/wp-content\/uploads\/2024\/03\/star.webp\" alt=\"\"> \n                \n            Nuestros Destinos        <\/div>\n        <h1 class=\"elementor-gt-heading section_title tx-split-text split-in-right\">Los mejores lugares<\/h1>            <div class=\"elementor-gt-desc\">\n            <p><\/p>\n        <\/div>\n    <\/div>\t\t\t\t<\/div>\n\t\t\t\t<\/div>\n\t\t\t\t<div class=\"elementor-element elementor-element-e9b16f4 elementor-widget elementor-widget-text-editor\" data-id=\"e9b16f4\" data-element_type=\"widget\" data-widget_type=\"text-editor.default\">\n\t\t\t\t<div class=\"elementor-widget-container\">\n\t\t\t\t\t\t\t\t\t<p>En TARJETOUR\u00ae te llevaremos a un emocionante viaje a trav\u00e9s de los lugares m\u00e1s impresionantes y diversos que el Per\u00fa tiene para ofrecer. Desde las vibrantes calles de Barranco en Lima, desde donde iniciamos nuestro proyecto, hasta la moderna elegancia de Miraflores, el rinc\u00f3n hist\u00f3rico del Centro de Lima y la m\u00e1gica ciudad de Cusco, nuestras audiogu\u00edas est\u00e1n dise\u00f1adas para que vivas una experiencia \u00fanica.<\/p><p style=\"text-align: left;\">Nuestro principal objetivo es la creaci\u00f3n de recorridos de audio guiados por geolocalizaci\u00f3n que promuevan que los visitantes nacionales y extranjeros puedan desplazarse a su propio ritmo y de manera segura.<br \/>Por esa raz\u00f3n los audio tours pueden estar producidos en diversos idiomas facilitando su acceso a una diversidad amplia de turistas.<\/p>\t\t\t\t\t\t\t\t<\/div>\n\t\t\t\t<\/div>\n\t\t\t\t\t<\/div>\n\t\t<\/div>\n\t\t\t\t<div class=\"elementor-column elementor-col-50 elementor-top-column elementor-element elementor-element-5eef57f elementor-hidden-tablet elementor-hidden-mobile\" data-id=\"5eef57f\" data-element_type=\"column\">\n\t\t\t<div class=\"elementor-widget-wrap elementor-element-populated\">\n\t\t\t\t\t\t<div class=\"elementor-element elementor-element-38a46be elementor-widget elementor-widget-go-feature-box\" data-id=\"38a46be\" data-element_type=\"widget\" data-widget_type=\"go-feature-box.default\">\n\t\t\t\t<div class=\"elementor-widget-container\">\n\t\t\t\t\t<div class=\"gt-why-choose-img-wrapper position-absolute d-flex\">\n    <div class=\"img-col-1\">\n                    <div class=\"inner-img_1 appear_bottom img-wrap position-relative\">\n                <img decoding=\"async\" src=\"https:\/\/www.tarjetour.com\/wp-content\/uploads\/2025\/01\/images-1.jpeg\" alt=\"\">\n                <span>Lima<\/span>\n            <\/div>\n                    <div class=\"inner-img_2 appear_top img-wrap position-relative\">\n                <img decoding=\"async\" src=\"https:\/\/www.tarjetour.com\/wp-content\/uploads\/2025\/01\/images-2.jpeg\" alt=\"\">\n                <span>Cuzco<\/span>\n            <\/div>\n            <\/div>\n    <div class=\"img-col-2\">\n                    <div class=\"inner-img_4 appear_right img-wrap position-relative\">\n                <img decoding=\"async\" src=\"https:\/\/www.tarjetour.com\/wp-content\/uploads\/2025\/01\/5e14ae3add6f464c8aec34803cc166ac.jpg\" alt=\"\">\n                <span>Miraflores<\/span>\n            <\/div>\n            <\/div>\n<\/div>\t\t\t\t<\/div>\n\t\t\t\t<\/div>\n\t\t\t\t\t<\/div>\n\t\t<\/div>\n\t\t\t\t\t<\/div>\n\t\t<\/section>\n\t\t\t\t<div class=\"elementor-section elementor-top-section elementor-element elementor-element-1f1e696 elementor-section-boxed elementor-section-height-default elementor-section-height-default\" data-id=\"1f1e696\" data-element_type=\"section\" data-settings=\"{&quot;background_background&quot;:&quot;classic&quot;,&quot;shape_divider_top&quot;:&quot;opacity-tilt&quot;}\">\n\t\t\t\t\t<div class=\"elementor-shape elementor-shape-top\" data-negative=\"false\">\n\t\t\t<svg xmlns=\"http:\/\/www.w3.org\/2000\/svg\" viewBox=\"0 0 2600 131.1\" preserveAspectRatio=\"none\">\n\t<path class=\"elementor-shape-fill\" d=\"M0 0L2600 0 2600 69.1 0 0z\"\/>\n\t<path class=\"elementor-shape-fill\" style=\"opacity:0.5\" d=\"M0 0L2600 0 2600 69.1 0 69.1z\"\/>\n\t<path class=\"elementor-shape-fill\" style=\"opacity:0.25\" d=\"M2600 0L0 0 0 130.1 2600 69.1z\"\/>\n<\/svg>\t\t<\/div>\n\t\t\t\t\t<div class=\"elementor-container elementor-column-gap-default\">\n\t\t\t\t\t<div class=\"elementor-column elementor-col-100 elementor-top-column elementor-element elementor-element-ef2a931\" data-id=\"ef2a931\" data-element_type=\"column\">\n\t\t\t<div class=\"elementor-widget-wrap elementor-element-populated\">\n\t\t\t\t\t\t<div class=\"elementor-element elementor-element-869cf8e elementor-widget elementor-widget-go-s-heading\" data-id=\"869cf8e\" data-element_type=\"widget\" data-widget_type=\"go-s-heading.default\">\n\t\t\t\t<div class=\"elementor-widget-container\">\n\t\t\t\t\t<div class=\"gt-section-title-1 txt-text-anim pera-content headline prthalign\">\n        <h1 class=\"elementor-gt-heading section_title tx-split-text split-in-right\">Con la confianza de las empresas locales<\/h1>            <div class=\"elementor-gt-desc\">\n            <p><\/p>\n        <\/div>\n    <\/div>\t\t\t\t<\/div>\n\t\t\t\t<\/div>\n\t\t\t\t<div class=\"elementor-element elementor-element-f6d1033 elementor-widget elementor-widget-go-sponsor\" data-id=\"f6d1033\" data-element_type=\"widget\" data-widget_type=\"go-sponsor.default\">\n\t\t\t\t<div class=\"elementor-widget-container\">\n\t\t\t\t\t<div class=\"gt-partner-slider swiper-container\">\n    <div class=\"swiper-wrapper\">\n                <div class=\"swiper-slide\">\n            <div class=\"gt-sponsor-item\">\n                <img decoding=\"async\" src=\"https:\/\/themexriver.com\/wp\/goyto\/wp-content\/uploads\/2024\/03\/sp1.webp\" alt=\"\">\n            <\/div>\n        <\/div>\n                <div class=\"swiper-slide\">\n            <div class=\"gt-sponsor-item\">\n                <img decoding=\"async\" src=\"https:\/\/themexriver.com\/wp\/goyto\/wp-content\/uploads\/2024\/03\/sp2.webp\" alt=\"\">\n            <\/div>\n        <\/div>\n                <div class=\"swiper-slide\">\n            <div class=\"gt-sponsor-item\">\n                <img decoding=\"async\" src=\"https:\/\/themexriver.com\/wp\/goyto\/wp-content\/uploads\/2024\/03\/sp3.webp\" alt=\"\">\n            <\/div>\n        <\/div>\n                <div class=\"swiper-slide\">\n            <div class=\"gt-sponsor-item\">\n                <img decoding=\"async\" src=\"https:\/\/themexriver.com\/wp\/goyto\/wp-content\/uploads\/2024\/03\/sp4.webp\" alt=\"\">\n            <\/div>\n        <\/div>\n                <div class=\"swiper-slide\">\n            <div class=\"gt-sponsor-item\">\n                <img decoding=\"async\" src=\"https:\/\/themexriver.com\/wp\/goyto\/wp-content\/uploads\/2024\/03\/sp5.webp\" alt=\"\">\n            <\/div>\n        <\/div>\n                <div class=\"swiper-slide\">\n            <div class=\"gt-sponsor-item\">\n                <img decoding=\"async\" src=\"https:\/\/themexriver.com\/wp\/goyto\/wp-content\/uploads\/2024\/03\/sp6.webp\" alt=\"\">\n            <\/div>\n        <\/div>\n            <\/div>\n<\/div>\t\t\t\t<\/div>\n\t\t\t\t<\/div>\n\t\t\t\t\t<\/div>\n\t\t<\/div>\n\t\t\t\t\t<\/div>\n\t\t<\/div>\n\t\t\t\t<\/div>\n\t\t","protected":false},"excerpt":{"rendered":"<p>Nuestros Destinos Los mejores lugares En TARJETOUR\u00ae te llevaremos a un emocionante viaje a trav\u00e9s de los lugares m\u00e1s impresionantes y diversos que el Per\u00fa tiene para ofrecer. Desde las vibrantes calles de Barranco en Lima, desde donde iniciamos nuestro proyecto, hasta la moderna elegancia de Miraflores, el rinc\u00f3n hist\u00f3rico del Centro de Lima y [&hellip;]<\/p>\n","protected":false},"author":1,"featured_media":0,"parent":0,"menu_order":0,"comment_status":"closed","ping_status":"closed","template":"elementor_header_footer","meta":{"inline_featured_image":false,"footnotes":""},"class_list":["post-978","page","type-page","status-publish","hentry"],"_links":{"self":[{"href":"https:\/\/www.tarjetour.com\/index.php?rest_route=\/wp\/v2\/pages\/978","targetHints":{"allow":["GET"]}}],"collection":[{"href":"https:\/\/www.tarjetour.com\/index.php?rest_route=\/wp\/v2\/pages"}],"about":[{"href":"https:\/\/www.tarjetour.com\/index.php?rest_route=\/wp\/v2\/types\/page"}],"author":[{"embeddable":true,"href":"https:\/\/www.tarjetour.com\/index.php?rest_route=\/wp\/v2\/users\/1"}],"replies":[{"embeddable":true,"href":"https:\/\/www.tarjetour.com\/index.php?rest_route=%2Fwp%2Fv2%2Fcomments&post=978"}],"version-history":[{"count":97,"href":"https:\/\/www.tarjetour.com\/index.php?rest_route=\/wp\/v2\/pages\/978\/revisions"}],"predecessor-version":[{"id":3365,"href":"https:\/\/www.tarjetour.com\/index.php?rest_route=\/wp\/v2\/pages\/978\/revisions\/3365"}],"wp:attachment":[{"href":"https:\/\/www.tarjetour.com\/index.php?rest_route=%2Fwp%2Fv2%2Fmedia&parent=978"}],"curies":[{"name":"wp","href":"https:\/\/api.w.org\/{rel}","templated":true}]}}